{"id":4603,"date":"2021-08-05T17:24:37","date_gmt":"2021-08-05T15:24:37","guid":{"rendered":"https:\/\/fmbrail.de\/service\/approval-planning-and-documentation\/"},"modified":"2021-10-13T16:12:03","modified_gmt":"2021-10-13T14:12:03","slug":"approval-planning-and-documentation","status":"publish","type":"page","link":"https:\/\/fmbrail.de\/en\/service\/approval-planning-and-documentation\/","title":{"rendered":"Approval planning and documentation"},"content":{"rendered":"<section class=\"wpb-content-wrapper\"><p>[vc_row][vc_column]<div class=\"mgt-header-block clearfix text-left text-black wpb_animate_when_almost_visible wpb_top-to-bottom wpb_content_element  mgt-header-block-style-2 mgt-header-texttransform-none  vc_custom_1628425276304\"><h3 class=\"mgt-header-block-title\">Zulassungsplanung und Dokumentation<\/h3><div class=\"mgt-header-line\"><\/div><\/div>[\/vc_column][\/vc_row][vc_row][vc_column width=&#8221;1\/2&#8243;][vc_column_text css_animation=&#8221;bottom-to-top&#8221;]Der Zulassungsprozess ist durch das Zusammenwirken vieler Beteiligter (Auftraggeber, Auftragnehmer, Gutachter, Zulassungsstelle) ein sehr komplexer Prozess.<\/p>\n<p>Eine sehr fr\u00fchzeitige Planung des Prozesses und das Einbinden aller Beteiligter in das jeweilige Projekt mit seinen Eckdaten und Erfordernissen ist die Basis, um diesen Prozess zu beherrschen.<\/p>\n<p>Zahlreiche erfolgreiche Zulassungen zeigen unsere Kompetenz in diesem Bereich.<\/p>\n<p>Einen wesentlichen Anteil an der Erlangung der Zulassung ist das Vorliegen der Fahrzeugdokumentation. Diesem Bereich widmen wir fr\u00fchzeitig die notwendige Aufmerksamkeit und stellen sicher, dass die Dokumente f\u00fcr Zulassung, Wartung und Betrieb des Fahrzeuges termingerecht vorliegen. Die Dokumentations-erstellung wird \u00fcberwiegend mit eigenen Resourcen realisiert.[\/vc_column_text][\/vc_column][vc_column width=&#8221;1\/2&#8243;][vc_single_image image=&#8221;4384&#8243; img_size=&#8221;full&#8221;][\/vc_column][\/vc_row][vc_row][vc_column][vc_separator][\/vc_column][\/vc_row][vc_row][vc_column]<style scoped='scoped'>.mgt-promo-block-79292048663.mgt-promo-block.darken .mgt-promo-block-content {background-color: rgba(0,0,0,0.12)!important;}.mgt-promo-block-79292048663.mgt-promo-block.animated:hover .mgt-promo-block-content {background-color: rgba(0,0,0,0.5)!important;}<\/style><div class=\"mgt-promo-block animated white-text cover-image text-size-normal darken mgt-promo-block-79292048663 wpb_content_element wpb_animate_when_almost_visible wpb_left-to-right\" data-style=\"width: 100%; height: 200px;\"><div class=\"mgt-promo-block-content\"><div class=\"mgt-promo-block-content-inside vc_custom_1628164553597\">\n<h2>Do you have questions to our Services?<\/h2>\n<div class=\"mgt-button-wrapper mgt-button-wrapper-align-left mgt-button-wrapper-display-newline mgt-button-top-margin-enable\"><a class=\"btn hvr-icon-wobble-horizontal mgt-button mgt-style-solid-invert mgt-size-normal mgt-align-left mgt-display-newline mgt-text-size-small mgt-button-icon-position-right mgt-text-transform-uppercase \" href=\"\/kontakt\">Contact  FMB<i class=\"fa fa-arrow-right\"><\/i><\/a><\/div><\/div><\/div><\/div>[\/vc_column][\/vc_row]<\/p>\n<\/section>","protected":false},"excerpt":{"rendered":"<p>[vc_row][vc_column][\/vc_column][\/vc_row][vc_row][vc_column width=&#8221;1\/2&#8243;][vc_column_text css_animation=&#8221;bottom-to-top&#8221;]Der Zulassungsprozess ist durch das Zusammenwirken vieler Beteiligter (Auftraggeber, Auftragnehmer, Gutachter, Zulassungsstelle) ein sehr komplexer Prozess. Eine sehr fr\u00fchzeitige Planung des Prozesses und das Einbinden aller Beteiligter in&#8230;<\/p>\n","protected":false},"author":2,"featured_media":0,"parent":4462,"menu_order":0,"comment_status":"closed","ping_status":"closed","template":"","meta":[],"_links":{"self":[{"href":"https:\/\/fmbrail.de\/en\/wp-json\/wp\/v2\/pages\/4603"}],"collection":[{"href":"https:\/\/fmbrail.de\/en\/wp-json\/wp\/v2\/pages"}],"about":[{"href":"https:\/\/fmbrail.de\/en\/wp-json\/wp\/v2\/types\/page"}],"author":[{"embeddable":true,"href":"https:\/\/fmbrail.de\/en\/wp-json\/wp\/v2\/users\/2"}],"replies":[{"embeddable":true,"href":"https:\/\/fmbrail.de\/en\/wp-json\/wp\/v2\/comments?post=4603"}],"version-history":[{"count":5,"href":"https:\/\/fmbrail.de\/en\/wp-json\/wp\/v2\/pages\/4603\/revisions"}],"predecessor-version":[{"id":4753,"href":"https:\/\/fmbrail.de\/en\/wp-json\/wp\/v2\/pages\/4603\/revisions\/4753"}],"up":[{"embeddable":true,"href":"https:\/\/fmbrail.de\/en\/wp-json\/wp\/v2\/pages\/4462"}],"wp:attachment":[{"href":"https:\/\/fmbrail.de\/en\/wp-json\/wp\/v2\/media?parent=4603"}],"curies":[{"name":"wp","href":"https:\/\/api.w.org\/{rel}","templated":true}]}}