{"id":4600,"date":"2021-08-05T14:22:57","date_gmt":"2021-08-05T12:22:57","guid":{"rendered":"https:\/\/fmbrail.de\/service\/admission-management\/"},"modified":"2021-10-13T16:08:37","modified_gmt":"2021-10-13T14:08:37","slug":"admission-management","status":"publish","type":"page","link":"https:\/\/fmbrail.de\/en\/service\/admission-management\/","title":{"rendered":"Admission Management"},"content":{"rendered":"<section class=\"wpb-content-wrapper\"><p>[vc_row][vc_column]<div class=\"mgt-header-block clearfix text-left text-black wpb_animate_when_almost_visible wpb_top-to-bottom wpb_content_element  mgt-header-block-style-2 mgt-header-texttransform-none  vc_custom_1628166176304\"><h3 class=\"mgt-header-block-title\">Zulassungsmanagement<\/h3><div class=\"mgt-header-line\"><\/div><\/div>[\/vc_column][\/vc_row][vc_row][vc_column width=&#8221;1\/2&#8243;][vc_column_text css_animation=&#8221;bottom-to-top&#8221;]Unabh\u00e4ngig vom Leistungsumfang, neues Produkt, Modernisierung oder Reparatur, das Thema der Zulassung und des Zulassungsmanagements ist ein Kernthema um Termin- und Kostenpl\u00e4ne einzuhalten.<\/p>\n<p>[\/vc_column_text][\/vc_column][vc_column width=&#8221;1\/2&#8243;][vc_single_image image=&#8221;4378&#8243; img_size=&#8221;full&#8221;][\/vc_column][\/vc_row][vc_row][vc_column]<div class=\"mgt-header-block clearfix text-left text-black wpb_content_element  mgt-header-block-style-2 mgt-header-texttransform-none  vc_custom_1628421074866\"><h3 class=\"mgt-header-block-title\">Neuentwicklung<\/h3><div class=\"mgt-header-line\"><\/div><\/div>[vc_column_text]Das fr\u00fchzeitige Einbinden der Zulassungsbeh\u00f6rden und die regelm\u00e4\u00dfige Abstimmung \u00fcber die geplante technische Umsetzung und deren Zulassungsf\u00e4higkeit sind Basis f\u00fcr einen reibungslosen Zulassungsprozess. Unser Gutachternetzwerk wird fr\u00fchzeitig in den Designprozess involviert.[\/vc_column_text][\/vc_column][\/vc_row][vc_row][vc_column]<div class=\"mgt-header-block clearfix text-left text-black wpb_content_element  mgt-header-block-style-2 mgt-header-texttransform-none  vc_custom_1628421004577\"><h3 class=\"mgt-header-block-title\">Reparaturen<\/h3><div class=\"mgt-header-line\"><\/div><\/div>[vc_column_text]Schwere Reparaturen erfordern manchmal Sonderl\u00f6sungen um das Fahrzeug wieder in den Betrieb zu bringen. Dies sind z.B. Sonderl\u00f6sungen bei einer Reparatur im Wagenkastenbereich Aluminium. Wir \u00fcbernehmen die Anzeige bei der Zulassungsbeh\u00f6rde oder arbeiten alle notwendigen Dokumente zu.<\/p>\n<p>Unsere erfahrene Mannschaft hat viele Zulassungen begleitet und verf\u00fcgt \u00fcber ein grosses Netzwerk an Experten.[\/vc_column_text][\/vc_column][\/vc_row][vc_row][vc_column]<div class=\"mgt-header-block clearfix text-left text-black wpb_content_element  mgt-header-block-style-2 mgt-header-texttransform-none  vc_custom_1628421029897\"><h3 class=\"mgt-header-block-title\">Modernisierung<\/h3><div class=\"mgt-header-line\"><\/div><\/div>[vc_column_text]Die zu modernisierenden Fahrzeuge haben eine g\u00fcltige Zulassung. F\u00fcr die \u00c4nderungen am Fahrzeug erarbeiten wir eine Planung der Umbauleistung und stimmen den erforderlichen Zulassungsaufwand im Vorfeld mit den Beh\u00f6rden ab.[\/vc_column_text][\/vc_column][\/vc_row][vc_row][vc_column][vc_separator][\/vc_column][\/vc_row][vc_row][vc_column]<style scoped='scoped'>.mgt-promo-block-79292048663.mgt-promo-block.darken .mgt-promo-block-content {background-color: rgba(0,0,0,0.12)!important;}.mgt-promo-block-79292048663.mgt-promo-block.animated:hover .mgt-promo-block-content {background-color: rgba(0,0,0,0.5)!important;}<\/style><div class=\"mgt-promo-block animated white-text cover-image text-size-normal darken mgt-promo-block-79292048663 wpb_content_element wpb_animate_when_almost_visible wpb_left-to-right\" data-style=\"width: 100%; height: 200px;\"><div class=\"mgt-promo-block-content\"><div class=\"mgt-promo-block-content-inside vc_custom_1628164553597\">\n<h2>Do you have questions to our Services?<\/h2>\n<div class=\"mgt-button-wrapper mgt-button-wrapper-align-left mgt-button-wrapper-display-newline mgt-button-top-margin-enable\"><a class=\"btn hvr-icon-wobble-horizontal mgt-button mgt-style-solid-invert mgt-size-normal mgt-align-left mgt-display-newline mgt-text-size-small mgt-button-icon-position-right mgt-text-transform-uppercase \" href=\"\/kontakt\">Contact  FMB<i class=\"fa fa-arrow-right\"><\/i><\/a><\/div><\/div><\/div><\/div>[\/vc_column][\/vc_row]<\/p>\n<\/section>","protected":false},"excerpt":{"rendered":"<p>[vc_row][vc_column][\/vc_column][\/vc_row][vc_row][vc_column width=&#8221;1\/2&#8243;][vc_column_text css_animation=&#8221;bottom-to-top&#8221;]Unabh\u00e4ngig vom Leistungsumfang, neues Produkt, Modernisierung oder Reparatur, das Thema der Zulassung und des Zulassungsmanagements ist ein Kernthema um Termin- und Kostenpl\u00e4ne einzuhalten. [\/vc_column_text][\/vc_column][vc_column width=&#8221;1\/2&#8243;][vc_single_image image=&#8221;4378&#8243; img_size=&#8221;full&#8221;][\/vc_column][\/vc_row][vc_row][vc_column][vc_column_text]Das fr\u00fchzeitige&#8230;<\/p>\n","protected":false},"author":2,"featured_media":0,"parent":4462,"menu_order":0,"comment_status":"closed","ping_status":"closed","template":"","meta":[],"_links":{"self":[{"href":"https:\/\/fmbrail.de\/en\/wp-json\/wp\/v2\/pages\/4600"}],"collection":[{"href":"https:\/\/fmbrail.de\/en\/wp-json\/wp\/v2\/pages"}],"about":[{"href":"https:\/\/fmbrail.de\/en\/wp-json\/wp\/v2\/types\/page"}],"author":[{"embeddable":true,"href":"https:\/\/fmbrail.de\/en\/wp-json\/wp\/v2\/users\/2"}],"replies":[{"embeddable":true,"href":"https:\/\/fmbrail.de\/en\/wp-json\/wp\/v2\/comments?post=4600"}],"version-history":[{"count":5,"href":"https:\/\/fmbrail.de\/en\/wp-json\/wp\/v2\/pages\/4600\/revisions"}],"predecessor-version":[{"id":4718,"href":"https:\/\/fmbrail.de\/en\/wp-json\/wp\/v2\/pages\/4600\/revisions\/4718"}],"up":[{"embeddable":true,"href":"https:\/\/fmbrail.de\/en\/wp-json\/wp\/v2\/pages\/4462"}],"wp:attachment":[{"href":"https:\/\/fmbrail.de\/en\/wp-json\/wp\/v2\/media?parent=4600"}],"curies":[{"name":"wp","href":"https:\/\/api.w.org\/{rel}","templated":true}]}}