{"id":4597,"date":"2021-08-05T14:27:05","date_gmt":"2021-08-05T12:27:05","guid":{"rendered":"https:\/\/fmbrail.de\/service\/accident-repair\/"},"modified":"2021-10-13T16:11:15","modified_gmt":"2021-10-13T14:11:15","slug":"accident-repair","status":"publish","type":"page","link":"https:\/\/fmbrail.de\/en\/service\/accident-repair\/","title":{"rendered":"Accident repair"},"content":{"rendered":"<section class=\"wpb-content-wrapper\"><p>[vc_row][vc_column]<div class=\"mgt-header-block clearfix text-left text-black wpb_animate_when_almost_visible wpb_top-to-bottom wpb_content_element  mgt-header-block-style-2 mgt-header-texttransform-none  vc_custom_1628166423975\"><h3 class=\"mgt-header-block-title\">Unfallreparatur<\/h3><div class=\"mgt-header-line\"><\/div><\/div>[\/vc_column][\/vc_row][vc_row][vc_column width=&#8221;1\/2&#8243;][vc_column_text css_animation=&#8221;bottom-to-top&#8221;]Unsere jahrelange und sehr gro\u00dfe Erfahrung im Bereich der Unfallreparatur erm\u00f6glicht es uns kosteng\u00fcnstig und zeitnah die jeweilige Reparatur durchzuf\u00fchren. Selbst sehr umfangreiche mechanische Reparaturen an Wagenk\u00e4sten, mit einer zu entwickelnden Reparaturl\u00f6sung stellt f\u00fcr unser Team kein Problem dar. Unsere Schwei\u00dffachingenieure pr\u00fcfen die L\u00f6sungen und geben diese frei.<\/p>\n<p>Selbst wenn der Nachbau eines kompletten Wagenkasten erforderlich w\u00e4re, k\u00f6nnen wir dies durch unser flexibles Fertigungsset-up realisieren.<\/p>\n<p>Elektrische und elektronische Systeme und Komponenten k\u00f6nnen wir in eigenen Werkst\u00e4tten pr\u00fcfen und zum Teil auch Instand setzen.\u00a0 In jedem Falle verf\u00fcgen wir \u00fcber die Partner\/Lieferanten, die uns hier die notwendigen Arbeiten abnehmen.<\/p>\n<p>Sie erhalten das zu reparierende Fahrzeug in jedem Falle einsatzf\u00e4hig zur\u00fcck.[\/vc_column_text][\/vc_column][vc_column width=&#8221;1\/2&#8243;][vc_single_image image=&#8221;4339&#8243; img_size=&#8221;full&#8221;][\/vc_column][\/vc_row][vc_row][vc_column][vc_separator][\/vc_column][\/vc_row][vc_row][vc_column]<style scoped='scoped'>.mgt-promo-block-79292048663.mgt-promo-block.darken .mgt-promo-block-content {background-color: rgba(0,0,0,0.12)!important;}.mgt-promo-block-79292048663.mgt-promo-block.animated:hover .mgt-promo-block-content {background-color: rgba(0,0,0,0.5)!important;}<\/style><div class=\"mgt-promo-block animated white-text cover-image text-size-normal darken mgt-promo-block-79292048663 wpb_content_element wpb_animate_when_almost_visible wpb_left-to-right\" data-style=\"width: 100%; height: 200px;\"><div class=\"mgt-promo-block-content\"><div class=\"mgt-promo-block-content-inside vc_custom_1628164553597\">\n<h2>Do you have questions to our Services?<\/h2>\n<div class=\"mgt-button-wrapper mgt-button-wrapper-align-left mgt-button-wrapper-display-newline mgt-button-top-margin-enable\"><a class=\"btn hvr-icon-wobble-horizontal mgt-button mgt-style-solid-invert mgt-size-normal mgt-align-left mgt-display-newline mgt-text-size-small mgt-button-icon-position-right mgt-text-transform-uppercase \" href=\"\/kontakt\">Contact  FMB<i class=\"fa fa-arrow-right\"><\/i><\/a><\/div><\/div><\/div><\/div>[\/vc_column][\/vc_row]<\/p>\n<\/section>","protected":false},"excerpt":{"rendered":"<p>[vc_row][vc_column][\/vc_column][\/vc_row][vc_row][vc_column width=&#8221;1\/2&#8243;][vc_column_text css_animation=&#8221;bottom-to-top&#8221;]Unsere jahrelange und sehr gro\u00dfe Erfahrung im Bereich der Unfallreparatur erm\u00f6glicht es uns kosteng\u00fcnstig und zeitnah die jeweilige Reparatur durchzuf\u00fchren. Selbst sehr umfangreiche mechanische Reparaturen an Wagenk\u00e4sten, mit&#8230;<\/p>\n","protected":false},"author":2,"featured_media":0,"parent":4462,"menu_order":0,"comment_status":"closed","ping_status":"closed","template":"","meta":[],"_links":{"self":[{"href":"https:\/\/fmbrail.de\/en\/wp-json\/wp\/v2\/pages\/4597"}],"collection":[{"href":"https:\/\/fmbrail.de\/en\/wp-json\/wp\/v2\/pages"}],"about":[{"href":"https:\/\/fmbrail.de\/en\/wp-json\/wp\/v2\/types\/page"}],"author":[{"embeddable":true,"href":"https:\/\/fmbrail.de\/en\/wp-json\/wp\/v2\/users\/2"}],"replies":[{"embeddable":true,"href":"https:\/\/fmbrail.de\/en\/wp-json\/wp\/v2\/comments?post=4597"}],"version-history":[{"count":5,"href":"https:\/\/fmbrail.de\/en\/wp-json\/wp\/v2\/pages\/4597\/revisions"}],"predecessor-version":[{"id":4738,"href":"https:\/\/fmbrail.de\/en\/wp-json\/wp\/v2\/pages\/4597\/revisions\/4738"}],"up":[{"embeddable":true,"href":"https:\/\/fmbrail.de\/en\/wp-json\/wp\/v2\/pages\/4462"}],"wp:attachment":[{"href":"https:\/\/fmbrail.de\/en\/wp-json\/wp\/v2\/media?parent=4597"}],"curies":[{"name":"wp","href":"https:\/\/api.w.org\/{rel}","templated":true}]}}