{"id":4594,"date":"2021-08-05T14:21:56","date_gmt":"2021-08-05T12:21:56","guid":{"rendered":"https:\/\/fmbrail.de\/service\/test-and-commissioning\/"},"modified":"2021-10-13T16:08:01","modified_gmt":"2021-10-13T14:08:01","slug":"test-and-commissioning","status":"publish","type":"page","link":"https:\/\/fmbrail.de\/en\/service\/test-and-commissioning\/","title":{"rendered":"Test and commissioning"},"content":{"rendered":"<section class=\"wpb-content-wrapper\"><p>[vc_row][vc_column]<div class=\"mgt-header-block clearfix text-left text-black wpb_animate_when_almost_visible wpb_top-to-bottom wpb_content_element  mgt-header-block-style-2 mgt-header-texttransform-none  vc_custom_1628166111881\"><h3 class=\"mgt-header-block-title\">Test und Inbetriebnahme<\/h3><div class=\"mgt-header-line\"><\/div><\/div>[\/vc_column][\/vc_row][vc_row][vc_column width=&#8221;1\/2&#8243;][vc_column_text css_animation=&#8221;bottom-to-top&#8221;]In unserem Netzwerk haben wir Zugriff auf Testanlagen und Pr\u00fcfgleise und k\u00f6nnen jede Art der Fahrzeuginbetriebnahme realisieren.<\/p>\n<p>Ob als Dienstleistung f\u00fcr einen Auftraggeber oder als Teil der Projektrealisierung unserer Auftr\u00e4ge. Wir stellen sicher, dass ein voll umf\u00e4nglich gepr\u00fcftes und in Betrieb genommenes Fahrzeug unsere Werkhallen verl\u00e4sst und somit gleich einsatzf\u00e4hig ist.<\/p>\n<p>Jeder Pr\u00fcfschritt wird dokumentiert und anhand der abgestimmten IBS-Planung umgesetzt. Die Teilnahme des Kunden in dieser wichtigen Projektphase kann jederzeit gew\u00e4hrleistet werden.[\/vc_column_text][\/vc_column][vc_column width=&#8221;1\/2&#8243;][vc_single_image image=&#8221;4382&#8243; img_size=&#8221;full&#8221;][\/vc_column][\/vc_row][vc_row][vc_column][vc_separator][\/vc_column][\/vc_row][vc_row][vc_column]<style scoped='scoped'>.mgt-promo-block-79292048663.mgt-promo-block.darken .mgt-promo-block-content {background-color: rgba(0,0,0,0.12)!important;}.mgt-promo-block-79292048663.mgt-promo-block.animated:hover .mgt-promo-block-content {background-color: rgba(0,0,0,0.5)!important;}<\/style><div class=\"mgt-promo-block animated white-text cover-image text-size-normal darken mgt-promo-block-79292048663 wpb_content_element wpb_animate_when_almost_visible wpb_left-to-right\" data-style=\"width: 100%; height: 200px;\"><div class=\"mgt-promo-block-content\"><div class=\"mgt-promo-block-content-inside vc_custom_1628164553597\">\n<h2>Do you have questions to our Services?<\/h2>\n<div class=\"mgt-button-wrapper mgt-button-wrapper-align-left mgt-button-wrapper-display-newline mgt-button-top-margin-enable\"><a class=\"btn hvr-icon-wobble-horizontal mgt-button mgt-style-solid-invert mgt-size-normal mgt-align-left mgt-display-newline mgt-text-size-small mgt-button-icon-position-right mgt-text-transform-uppercase \" href=\"\/kontakt\">Contact  FMB<i class=\"fa fa-arrow-right\"><\/i><\/a><\/div><\/div><\/div><\/div>[\/vc_column][\/vc_row]<\/p>\n<\/section>","protected":false},"excerpt":{"rendered":"<p>[vc_row][vc_column][\/vc_column][\/vc_row][vc_row][vc_column width=&#8221;1\/2&#8243;][vc_column_text css_animation=&#8221;bottom-to-top&#8221;]In unserem Netzwerk haben wir Zugriff auf Testanlagen und Pr\u00fcfgleise und k\u00f6nnen jede Art der Fahrzeuginbetriebnahme realisieren. Ob als Dienstleistung f\u00fcr einen Auftraggeber oder als Teil der Projektrealisierung&#8230;<\/p>\n","protected":false},"author":2,"featured_media":0,"parent":4462,"menu_order":0,"comment_status":"closed","ping_status":"closed","template":"","meta":[],"_links":{"self":[{"href":"https:\/\/fmbrail.de\/en\/wp-json\/wp\/v2\/pages\/4594"}],"collection":[{"href":"https:\/\/fmbrail.de\/en\/wp-json\/wp\/v2\/pages"}],"about":[{"href":"https:\/\/fmbrail.de\/en\/wp-json\/wp\/v2\/types\/page"}],"author":[{"embeddable":true,"href":"https:\/\/fmbrail.de\/en\/wp-json\/wp\/v2\/users\/2"}],"replies":[{"embeddable":true,"href":"https:\/\/fmbrail.de\/en\/wp-json\/wp\/v2\/comments?post=4594"}],"version-history":[{"count":8,"href":"https:\/\/fmbrail.de\/en\/wp-json\/wp\/v2\/pages\/4594\/revisions"}],"predecessor-version":[{"id":4715,"href":"https:\/\/fmbrail.de\/en\/wp-json\/wp\/v2\/pages\/4594\/revisions\/4715"}],"up":[{"embeddable":true,"href":"https:\/\/fmbrail.de\/en\/wp-json\/wp\/v2\/pages\/4462"}],"wp:attachment":[{"href":"https:\/\/fmbrail.de\/en\/wp-json\/wp\/v2\/media?parent=4594"}],"curies":[{"name":"wp","href":"https:\/\/api.w.org\/{rel}","templated":true}]}}