{"id":4588,"date":"2021-08-05T16:54:55","date_gmt":"2021-08-05T14:54:55","guid":{"rendered":"https:\/\/fmbrail.de\/service\/specification-creation\/"},"modified":"2021-10-13T16:11:24","modified_gmt":"2021-10-13T14:11:24","slug":"specification-creation","status":"publish","type":"page","link":"https:\/\/fmbrail.de\/en\/service\/specification-creation\/","title":{"rendered":"Specification creation"},"content":{"rendered":"<section class=\"wpb-content-wrapper\"><p>[vc_row][vc_column]<div class=\"mgt-header-block clearfix text-left text-black wpb_animate_when_almost_visible wpb_top-to-bottom wpb_content_element  mgt-header-block-style-2 mgt-header-texttransform-none  vc_custom_1628175294476\"><h3 class=\"mgt-header-block-title\">Lastenhefterstellung<\/h3><div class=\"mgt-header-line\"><\/div><\/div>[\/vc_column][\/vc_row][vc_row][vc_column width=&#8221;1\/2&#8243;][vc_column_text css_animation=&#8221;bottom-to-top&#8221;]Auf Basis der Fahrzeugprojektierung und Systemdefinition erstellen wir f\u00fcr unsere Lieferanten detaillierte Lastenhefte mit technischen und kommerziellen Anforderungen. Wir legen bei der Lastenheftdefinition gr\u00f6\u00dften Wert auf eine klare Schnittstellendefinition. Die Lastenhefte werden so umgesetzt, dass Sie f\u00fcr Anfragen bei Lieferanten genutzt werden k\u00f6nnen.<\/p>\n<p>Diese Leistungen erstellen wir sowohl f\u00fcr eigene Projekte und Produkte als auch als Dienstleistung f\u00fcr Schienenverkehrsunternehmen und Systemh\u00e4user. Hier erstellen wir auch Lastenhefte f\u00fcr auszuschreibende Gesamtleistungen.[\/vc_column_text][\/vc_column][vc_column width=&#8221;1\/2&#8243;][vc_single_image image=&#8221;4377&#8243; img_size=&#8221;full&#8221;][\/vc_column][\/vc_row][vc_row][vc_column][vc_separator][\/vc_column][\/vc_row][vc_row][vc_column]<style scoped='scoped'>.mgt-promo-block-79292048663.mgt-promo-block.darken .mgt-promo-block-content {background-color: rgba(0,0,0,0.12)!important;}.mgt-promo-block-79292048663.mgt-promo-block.animated:hover .mgt-promo-block-content {background-color: rgba(0,0,0,0.5)!important;}<\/style><div class=\"mgt-promo-block animated white-text cover-image text-size-normal darken mgt-promo-block-79292048663 wpb_content_element wpb_animate_when_almost_visible wpb_left-to-right\" data-style=\"width: 100%; height: 200px;\"><div class=\"mgt-promo-block-content\"><div class=\"mgt-promo-block-content-inside vc_custom_1628164553597\">\n<h2>Do you have questions to our Services?<\/h2>\n<div class=\"mgt-button-wrapper mgt-button-wrapper-align-left mgt-button-wrapper-display-newline mgt-button-top-margin-enable\"><a class=\"btn hvr-icon-wobble-horizontal mgt-button mgt-style-solid-invert mgt-size-normal mgt-align-left mgt-display-newline mgt-text-size-small mgt-button-icon-position-right mgt-text-transform-uppercase \" href=\"\/kontakt\">Contact  FMB<i class=\"fa fa-arrow-right\"><\/i><\/a><\/div><\/div><\/div><\/div>[\/vc_column][\/vc_row]<\/p>\n<\/section>","protected":false},"excerpt":{"rendered":"<p>[vc_row][vc_column][\/vc_column][\/vc_row][vc_row][vc_column width=&#8221;1\/2&#8243;][vc_column_text css_animation=&#8221;bottom-to-top&#8221;]Auf Basis der Fahrzeugprojektierung und Systemdefinition erstellen wir f\u00fcr unsere Lieferanten detaillierte Lastenhefte mit technischen und kommerziellen Anforderungen. Wir legen bei der Lastenheftdefinition gr\u00f6\u00dften Wert auf eine klare&#8230;<\/p>\n","protected":false},"author":2,"featured_media":0,"parent":4462,"menu_order":0,"comment_status":"closed","ping_status":"closed","template":"","meta":[],"_links":{"self":[{"href":"https:\/\/fmbrail.de\/en\/wp-json\/wp\/v2\/pages\/4588"}],"collection":[{"href":"https:\/\/fmbrail.de\/en\/wp-json\/wp\/v2\/pages"}],"about":[{"href":"https:\/\/fmbrail.de\/en\/wp-json\/wp\/v2\/types\/page"}],"author":[{"embeddable":true,"href":"https:\/\/fmbrail.de\/en\/wp-json\/wp\/v2\/users\/2"}],"replies":[{"embeddable":true,"href":"https:\/\/fmbrail.de\/en\/wp-json\/wp\/v2\/comments?post=4588"}],"version-history":[{"count":5,"href":"https:\/\/fmbrail.de\/en\/wp-json\/wp\/v2\/pages\/4588\/revisions"}],"predecessor-version":[{"id":4741,"href":"https:\/\/fmbrail.de\/en\/wp-json\/wp\/v2\/pages\/4588\/revisions\/4741"}],"up":[{"embeddable":true,"href":"https:\/\/fmbrail.de\/en\/wp-json\/wp\/v2\/pages\/4462"}],"wp:attachment":[{"href":"https:\/\/fmbrail.de\/en\/wp-json\/wp\/v2\/media?parent=4588"}],"curies":[{"name":"wp","href":"https:\/\/api.w.org\/{rel}","templated":true}]}}