{"id":4585,"date":"2021-08-05T14:26:13","date_gmt":"2021-08-05T12:26:13","guid":{"rendered":"https:\/\/fmbrail.de\/service\/wood-plastic-processing\/"},"modified":"2021-10-13T16:10:51","modified_gmt":"2021-10-13T14:10:51","slug":"wood-plastic-processing","status":"publish","type":"page","link":"https:\/\/fmbrail.de\/en\/service\/wood-plastic-processing\/","title":{"rendered":"Wood &#038; plastic processing"},"content":{"rendered":"<section class=\"wpb-content-wrapper\"><p>[vc_row][vc_column]<div class=\"mgt-header-block clearfix text-left text-black wpb_animate_when_almost_visible wpb_top-to-bottom wpb_content_element  mgt-header-block-style-2 mgt-header-texttransform-none  vc_custom_1628166372496\"><h3 class=\"mgt-header-block-title\">Holz &amp; Kunststoffbearbeitung<\/h3><div class=\"mgt-header-line\"><\/div><\/div>[\/vc_column][\/vc_row][vc_row][vc_column width=&#8221;1\/2&#8243;][vc_column_text css_animation=&#8221;bottom-to-top&#8221;]In unserer hauseigenen Montageabteilung verbinden wir in kleinen Serien Alu-Einzelteile aus unserer Fertigung mit Materialien wie Glas, Holz, Kunststoff zu Baugruppen oder fertigen Produkten. Das hat f\u00fcr Sie den entscheidenden Vorteil, dass Sie den ganzen Arbeitsschritt, inklusive Beschaffung und Lagerung der Zusatzmaterialien auslagern, komplette Baugruppen aufwandsfrei weiterverarbeiten oder Ihre Produkte direkt weiter ver\u00e4u\u00dfern k\u00f6nnen.<\/p>\n<p>Wir wissen nicht nur, wie man mit Kunsstoff umgeht, sondern auch mit dekorativen Oberfl\u00e4chen und Bauteilen aus allen g\u00e4ngigen Werkstoffen. So d\u00fcrfen sie sicher sein, dass Ihre Baugruppe nicht nur korrekt zusammengef\u00fcgt ist, sondern auch makellos in Optik und Haptik ausgeliefert wird.<\/p>\n<p><b>Gute Verbindungen:<\/b><b>\u00a0<\/b>Bei der Montage greifen wir auf unsere langj\u00e4hrige Erfahrung in allen Bereichen modernster Verbindungstechnik zur\u00fcck. Kleben, Schrauben, Schwei\u00dfen sind Techniken, mit denen wir bestens vertraut sind.<\/p>\n<p><strong>Fliegender Wechsel:\u00a0<\/strong>Schnelligkeit ist ein klarer Wettbewerbsvorteil. Deshalb haben wir alle Montagearbeitspl\u00e4tze so flexibel gestaltet, dass die Montage innerhalb k\u00fcrzester Zeit auf einen neue Serie umgestellt werden kann.[\/vc_column_text][\/vc_column][vc_column width=&#8221;1\/2&#8243;][vc_single_image image=&#8221;4366&#8243; img_size=&#8221;full&#8221;][\/vc_column][\/vc_row][vc_row][vc_column]<div class=\"mgt-header-block clearfix text-left text-black wpb_animate_when_almost_visible wpb_bottom-to-top wpb_content_element  mgt-header-block-style-2 mgt-header-texttransform-none  vc_custom_1628161977797\"><h3 class=\"mgt-header-block-title\">Wir verarbeiten folgende Rohstoffe<\/h3><div class=\"mgt-header-line\"><\/div><\/div>[\/vc_column][\/vc_row][vc_row][vc_column width=&#8221;1\/3&#8243;]<div class=\"mgt-icon-box wpb_content_element wpb_animate_when_almost_visible wpb_appear mgt-icon-box-right mgt-icon-fa mgt-icon-background mgt-icon-background-invert text-black \"><div class=\"mgt-icon-box-icon hvr-icon-push\"><div class=\"mgt-font-icon\"><i class=\"fa fa-arrow-circle-o-right\"><\/i><\/div><\/div><div class=\"mgt-icon-box-content\"><h6>Kleben Fr\u00e4sen Montieren<\/h6><h5>HOLZ<\/h5><\/div><div class=\"clearfix\"><\/div><\/div>[\/vc_column][vc_column width=&#8221;1\/3&#8243;]<div class=\"mgt-icon-box wpb_content_element wpb_animate_when_almost_visible wpb_appear mgt-icon-box-right mgt-icon-fa mgt-icon-background mgt-icon-background-invert text-black \"><div class=\"mgt-icon-box-icon hvr-icon-push\"><div class=\"mgt-font-icon\"><i class=\"fa fa-arrow-circle-o-right\"><\/i><\/div><\/div><div class=\"mgt-icon-box-content\"><h6>Kleben Biegen Montieren<\/h6><h5>Kunststoff<\/h5><\/div><div class=\"clearfix\"><\/div><\/div>[\/vc_column][\/vc_row][vc_row][vc_column]<style scoped='scoped'>.mgt-promo-block-79292048663.mgt-promo-block.darken .mgt-promo-block-content {background-color: rgba(0,0,0,0.12)!important;}.mgt-promo-block-79292048663.mgt-promo-block.animated:hover .mgt-promo-block-content {background-color: rgba(0,0,0,0.5)!important;}<\/style><div class=\"mgt-promo-block animated white-text cover-image text-size-normal darken mgt-promo-block-79292048663 wpb_content_element wpb_animate_when_almost_visible wpb_left-to-right\" data-style=\"width: 100%; height: 200px;\"><div class=\"mgt-promo-block-content\"><div class=\"mgt-promo-block-content-inside vc_custom_1628164553597\">\n<h2>Do you have questions to our Services?<\/h2>\n<div class=\"mgt-button-wrapper mgt-button-wrapper-align-left mgt-button-wrapper-display-newline mgt-button-top-margin-enable\"><a class=\"btn hvr-icon-wobble-horizontal mgt-button mgt-style-solid-invert mgt-size-normal mgt-align-left mgt-display-newline mgt-text-size-small mgt-button-icon-position-right mgt-text-transform-uppercase \" href=\"\/kontakt\">Contact  FMB<i class=\"fa fa-arrow-right\"><\/i><\/a><\/div><\/div><\/div><\/div>[\/vc_column][\/vc_row]<\/p>\n<\/section>","protected":false},"excerpt":{"rendered":"<p>[vc_row][vc_column][\/vc_column][\/vc_row][vc_row][vc_column width=&#8221;1\/2&#8243;][vc_column_text css_animation=&#8221;bottom-to-top&#8221;]In unserer hauseigenen Montageabteilung verbinden wir in kleinen Serien Alu-Einzelteile aus unserer Fertigung mit Materialien wie Glas, Holz, Kunststoff zu Baugruppen oder fertigen Produkten. Das hat f\u00fcr Sie&#8230;<\/p>\n","protected":false},"author":2,"featured_media":0,"parent":4462,"menu_order":0,"comment_status":"closed","ping_status":"closed","template":"","meta":[],"_links":{"self":[{"href":"https:\/\/fmbrail.de\/en\/wp-json\/wp\/v2\/pages\/4585"}],"collection":[{"href":"https:\/\/fmbrail.de\/en\/wp-json\/wp\/v2\/pages"}],"about":[{"href":"https:\/\/fmbrail.de\/en\/wp-json\/wp\/v2\/types\/page"}],"author":[{"embeddable":true,"href":"https:\/\/fmbrail.de\/en\/wp-json\/wp\/v2\/users\/2"}],"replies":[{"embeddable":true,"href":"https:\/\/fmbrail.de\/en\/wp-json\/wp\/v2\/comments?post=4585"}],"version-history":[{"count":5,"href":"https:\/\/fmbrail.de\/en\/wp-json\/wp\/v2\/pages\/4585\/revisions"}],"predecessor-version":[{"id":4735,"href":"https:\/\/fmbrail.de\/en\/wp-json\/wp\/v2\/pages\/4585\/revisions\/4735"}],"up":[{"embeddable":true,"href":"https:\/\/fmbrail.de\/en\/wp-json\/wp\/v2\/pages\/4462"}],"wp:attachment":[{"href":"https:\/\/fmbrail.de\/en\/wp-json\/wp\/v2\/media?parent=4585"}],"curies":[{"name":"wp","href":"https:\/\/api.w.org\/{rel}","templated":true}]}}