{"id":4582,"date":"2021-03-02T14:05:52","date_gmt":"2021-03-02T13:05:52","guid":{"rendered":"https:\/\/fmbrail.de\/service\/parts-manufacturing\/"},"modified":"2021-10-13T16:03:38","modified_gmt":"2021-10-13T14:03:38","slug":"parts-manufacturing","status":"publish","type":"page","link":"https:\/\/fmbrail.de\/en\/service\/parts-manufacturing\/","title":{"rendered":"PARTS MANUFACTURING"},"content":{"rendered":"<section class=\"wpb-content-wrapper\"><p>[vc_row][vc_column]<div class=\"mgt-header-block clearfix text-left text-black wpb_animate_when_almost_visible wpb_top-to-bottom wpb_content_element  mgt-header-block-style-2 mgt-header-texttransform-none  vc_custom_1628165099330\"><h3 class=\"mgt-header-block-title\">Teilefertigung aus diversen Rohstoffen<\/h3><div class=\"mgt-header-line\"><\/div><\/div>[\/vc_column][\/vc_row][vc_row][vc_column width=&#8221;1\/2&#8243;][vc_column_text css_animation=&#8221;bottom-to-top&#8221;]Unsere Produktionstechnik ist auf einem komplett CNC-gesteuerten Maschinenpark und erlaubt uns ein Arbeiten mit h\u00f6chster Produktivit\u00e4t und neuesten Sicherheitsstandards. Konstruktion und Produktion arbeiten bei uns Hand in Hand: Die technischen CA-Zeichnungen werden direkt an die Maschinen \u00fcbermittelt, so stellen wir sicher, dass die Bauteile passgenau auf Ihrer Baustelle ankommen und erm\u00f6glichen einen reibungslosen, termingerechten Montageablauf.[\/vc_column_text][\/vc_column][vc_column width=&#8221;1\/2&#8243;][vc_single_image image=&#8221;4349&#8243; img_size=&#8221;full&#8221;][\/vc_column][\/vc_row][vc_row][vc_column]<div class=\"mgt-header-block clearfix text-left text-black wpb_animate_when_almost_visible wpb_top-to-bottom wpb_content_element  mgt-header-block-style-2 mgt-header-texttransform-none  vc_custom_1628419241719\"><h3 class=\"mgt-header-block-title\">Laserschneiden<\/h3><div class=\"mgt-header-line\"><\/div><\/div>[\/vc_column][\/vc_row][vc_row][vc_column][vc_column_text css_animation=&#8221;bottom-to-top&#8221;]Laserschneiden ist einfach ein modernes Bearbeitungsverfahren. Das Verfahren bringt schnell, pr\u00e4zise und vor allem extrem wirtschaftlich Konturen in nahezu alle Werkstoffe ein. Die Ergebnisse sind hochpr\u00e4zise und sauber. In weiten Teilen der Industrie hat es sich daher als Standard etabliert, Blech lasern zu lassen.<\/p>\n<p>F\u00fcr Ihre Teile greifen Sie \u00fcber BSG auf die volle Bandbreite der M\u00f6glichkeiten des Laserzuschnitts zu. Als ihr einziger Vertragspartner garantiert Ihnen BSG eine treffsichere Auftragszuweisung, z\u00fcgige Auftragsabwicklung und eine verl\u00e4ssliche Lieferung. So verwirklichen Sie sowohl Einzelst\u00fccke als auch gro\u00dfe Serien mit uns. Bei BSG bestellen Sie Laserzuschnitte bis zu sechs Metern aus einer gro\u00dfen Bandbreite von Materialien.[\/vc_column_text][\/vc_column][\/vc_row][vc_row][vc_column]<div class=\"mgt-header-block clearfix text-left text-black wpb_animate_when_almost_visible wpb_top-to-bottom wpb_content_element  mgt-header-block-style-2 mgt-header-texttransform-none  vc_custom_1628419321438\"><h3 class=\"mgt-header-block-title\">Umformung<\/h3><div class=\"mgt-header-line\"><\/div><\/div>[\/vc_column][\/vc_row][vc_row][vc_column][vc_column_text css_animation=&#8221;bottom-to-top&#8221;]Dabei wird eine bereits vorhandene Form eines Werkst\u00fcckes bewusst durch plastisches Verformen ge\u00e4ndert. Ein Beispiel daf\u00fcr w\u00e4re das\u00a0<em>Walzen von Stahl<\/em>.<span id=\"more-1002\"><\/span><\/p>\n<p>Diese plastische Form\u00e4nderung setzt beim Umformen dann ein, wenn eine \u00e4u\u00dfere Kraft so gro\u00df ist, dass die Atome sich auf den sogenannten Gleitebenen zu verschieben beginnen.<br \/>\nDie auftretenden Ver\u00e4nderungen physikalischer und technologischer Eigenschaften werden unter dem Begriff\u00a0<strong>Verfestigung\u00a0<\/strong>zusammen gefasst.<\/p>\n<p>Der Form\u00e4nderungswiderstand von Metallen ist bei hohen Umformtemperaturen geringer als bei Raumtemperatur, so dass die plastische Umformung von Stahl bei hohen Temperaturen mit geringerem Kraft- und Arbeitsbedarf durchf\u00fchrbar ist.<\/p>\n<p>Au\u00dferdem bewirkt das\u00a0<strong>Umformen\u00a0<\/strong>bei hohen Temperaturen eine sofortige Rekristallisation des Gef\u00fcges und eine Verfestigung tritt nicht ein.[\/vc_column_text][\/vc_column][\/vc_row][vc_row][vc_column]<div class=\"mgt-header-block clearfix text-left text-black wpb_animate_when_almost_visible wpb_top-to-bottom wpb_content_element  mgt-header-block-style-2 mgt-header-texttransform-none  vc_custom_1628419354750\"><h3 class=\"mgt-header-block-title\">Zerspanung<\/h3><div class=\"mgt-header-line\"><\/div><\/div>[\/vc_column][\/vc_row][vc_row][vc_column][vc_column_text css_animation=&#8221;bottom-to-top&#8221;]Wir haben den Dreh raus, wenn es auf den hundertstel Millimeter ankommt. Genauigkeit begleitet uns tagt\u00e4glich im Berufsalltag. Unsere Mitarbeiter sorgen daf\u00fcr, dass Ihre bestellten Pr\u00e4zisionsteile den gew\u00fcnschten Ma\u00dfen entsprechen. Dank unserer Erfahrung im Lohnfr\u00e4sen von Dreh- und Fr\u00e4steilen ist die pr\u00e4zise und g\u00fcnstige Zerspanung unsere Kompetenz. Wir sind in der Lage, ausgezeichnete Schnittergebnisse zu erzielen. Anhand von Zeichnungen werden die CNC Fr\u00e4steile sowie Pr\u00e4zisionsdrehteile angefertigt. Zur Fertigung der Werkst\u00fccke verwenden wir modernste Technologien. Ebenso sind wir bestrebt, die Prozesse kontinuierlich zu verbessern. Damit die Ergebnisse beim Drehen und Fr\u00e4sen weiterhin optimiert werden k\u00f6nnen.[\/vc_column_text][\/vc_column][\/vc_row][vc_row][vc_column]<div class=\"mgt-header-block clearfix text-left text-black wpb_animate_when_almost_visible wpb_bottom-to-top wpb_content_element  mgt-header-block-style-2 mgt-header-texttransform-none  vc_custom_1628161977797\"><h3 class=\"mgt-header-block-title\">Wir verarbeiten folgende Rohstoffe<\/h3><div class=\"mgt-header-line\"><\/div><\/div>[\/vc_column][\/vc_row][vc_row][vc_column width=&#8221;1\/3&#8243;]<div class=\"mgt-icon-box wpb_content_element wpb_animate_when_almost_visible wpb_appear mgt-icon-box-right mgt-icon-fa mgt-icon-background mgt-icon-background-invert text-black \"><div class=\"mgt-icon-box-icon hvr-icon-push\"><div class=\"mgt-font-icon\"><i class=\"fa fa-arrow-circle-o-right\"><\/i><\/div><\/div><div class=\"mgt-icon-box-content\"><h6>Verf\u00fcgbare Blechdicken: 0,5 bis 25 mm<\/h6><h5>STAHL<\/h5><\/div><div class=\"clearfix\"><\/div><\/div>[\/vc_column][vc_column width=&#8221;1\/3&#8243;]<div class=\"mgt-icon-box wpb_content_element wpb_animate_when_almost_visible wpb_appear mgt-icon-box-right mgt-icon-fa mgt-icon-background mgt-icon-background-invert text-black \"><div class=\"mgt-icon-box-icon hvr-icon-push\"><div class=\"mgt-font-icon\"><i class=\"fa fa-arrow-circle-o-right\"><\/i><\/div><\/div><div class=\"mgt-icon-box-content\"><h6>Maximale Gr\u00f6\u00dfe: 5980 x 1980 mm<\/h6><h5>EDELSTAHL<\/h5><\/div><div class=\"clearfix\"><\/div><\/div>[\/vc_column][vc_column width=&#8221;1\/3&#8243;]<div class=\"mgt-icon-box wpb_content_element wpb_animate_when_almost_visible wpb_appear mgt-icon-box-right mgt-icon-fa mgt-icon-background mgt-icon-background-invert text-black \"><div class=\"mgt-icon-box-icon hvr-icon-push\"><div class=\"mgt-font-icon\"><i class=\"fa fa-arrow-circle-o-right\"><\/i><\/div><\/div><div class=\"mgt-icon-box-content\"><h6>MaximaleGr\u00f6\u00dfe: 5980 x 1980 mm<\/h6><h5>ALUMINIUM<\/h5><\/div><div class=\"clearfix\"><\/div><\/div>[\/vc_column][\/vc_row][vc_row][vc_column][vc_separator][\/vc_column][\/vc_row][vc_row][vc_column]<style scoped='scoped'>.mgt-promo-block-79292048663.mgt-promo-block.darken .mgt-promo-block-content {background-color: rgba(0,0,0,0.12)!important;}.mgt-promo-block-79292048663.mgt-promo-block.animated:hover .mgt-promo-block-content {background-color: rgba(0,0,0,0.5)!important;}<\/style><div class=\"mgt-promo-block animated white-text cover-image text-size-normal darken mgt-promo-block-79292048663 wpb_content_element wpb_animate_when_almost_visible wpb_left-to-right\" data-style=\"width: 100%; height: 200px;\"><div class=\"mgt-promo-block-content\"><div class=\"mgt-promo-block-content-inside vc_custom_1628164553597\">\n<h2>Do you have questions to our Services?<\/h2>\n<div class=\"mgt-button-wrapper mgt-button-wrapper-align-left mgt-button-wrapper-display-newline mgt-button-top-margin-enable\"><a class=\"btn hvr-icon-wobble-horizontal mgt-button mgt-style-solid-invert mgt-size-normal mgt-align-left mgt-display-newline mgt-text-size-small mgt-button-icon-position-right mgt-text-transform-uppercase \" href=\"\/kontakt\">Contact  FMB<i class=\"fa fa-arrow-right\"><\/i><\/a><\/div><\/div><\/div><\/div>[\/vc_column][\/vc_row]<\/p>\n<\/section>","protected":false},"excerpt":{"rendered":"<p>[vc_row][vc_column][\/vc_column][\/vc_row][vc_row][vc_column width=&#8221;1\/2&#8243;][vc_column_text css_animation=&#8221;bottom-to-top&#8221;]Unsere Produktionstechnik ist auf einem komplett CNC-gesteuerten Maschinenpark und erlaubt uns ein Arbeiten mit h\u00f6chster Produktivit\u00e4t und neuesten Sicherheitsstandards. Konstruktion und Produktion arbeiten bei uns Hand in Hand:&#8230;<\/p>\n","protected":false},"author":1,"featured_media":0,"parent":4462,"menu_order":0,"comment_status":"closed","ping_status":"closed","template":"","meta":[],"_links":{"self":[{"href":"https:\/\/fmbrail.de\/en\/wp-json\/wp\/v2\/pages\/4582"}],"collection":[{"href":"https:\/\/fmbrail.de\/en\/wp-json\/wp\/v2\/pages"}],"about":[{"href":"https:\/\/fmbrail.de\/en\/wp-json\/wp\/v2\/types\/page"}],"author":[{"embeddable":true,"href":"https:\/\/fmbrail.de\/en\/wp-json\/wp\/v2\/users\/1"}],"replies":[{"embeddable":true,"href":"https:\/\/fmbrail.de\/en\/wp-json\/wp\/v2\/comments?post=4582"}],"version-history":[{"count":10,"href":"https:\/\/fmbrail.de\/en\/wp-json\/wp\/v2\/pages\/4582\/revisions"}],"predecessor-version":[{"id":4701,"href":"https:\/\/fmbrail.de\/en\/wp-json\/wp\/v2\/pages\/4582\/revisions\/4701"}],"up":[{"embeddable":true,"href":"https:\/\/fmbrail.de\/en\/wp-json\/wp\/v2\/pages\/4462"}],"wp:attachment":[{"href":"https:\/\/fmbrail.de\/en\/wp-json\/wp\/v2\/media?parent=4582"}],"curies":[{"name":"wp","href":"https:\/\/api.w.org\/{rel}","templated":true}]}}