{"id":4552,"date":"2021-08-05T14:17:01","date_gmt":"2021-08-05T12:17:01","guid":{"rendered":"https:\/\/fmbrail.de\/service\/production-planning-device-development\/"},"modified":"2021-10-13T16:06:11","modified_gmt":"2021-10-13T14:06:11","slug":"production-planning-device-development","status":"publish","type":"page","link":"https:\/\/fmbrail.de\/en\/service\/production-planning-device-development\/","title":{"rendered":"Production planning, device development"},"content":{"rendered":"<section class=\"wpb-content-wrapper\"><p>[vc_row][vc_column]<div class=\"mgt-header-block clearfix text-left text-black wpb_animate_when_almost_visible wpb_top-to-bottom wpb_content_element  mgt-header-block-style-2 mgt-header-texttransform-none  vc_custom_1628165860312\"><h3 class=\"mgt-header-block-title\">Fertigungsplanung Vorrichtungsentwicklung<\/h3><div class=\"mgt-header-line\"><\/div><\/div>[\/vc_column][\/vc_row][vc_row][vc_column width=&#8221;1\/2&#8243;][vc_column_text css_animation=&#8221;bottom-to-top&#8221;]Zur termingerechten Realisierung eines Auftrages geh\u00f6rt eine detaillierte Fertigungsplanung. Ob eine Flie\u00df- oder Standfertigung die g\u00fcnstigste L\u00f6sung ist, h\u00e4ngt zum einen von der Anzahl der zu produzierenden Fahrzeuge, dem Leistungsumfang und der verf\u00fcgbaren Infrastruktur zusammen.<\/p>\n<p>Unsere Arbeitsvorbereitung erarbeitet die beste L\u00f6sung und setzt diese um.<\/p>\n<p>Um eine h\u00f6chstm\u00f6gliche Effizienz in der Produktion zu erreichen entwickeln unsere Spezialisten die notwendigen Vorrichtungen und Spezialwerkzeuge. Diese Leistung bieten wir auch als Serviceleistung f\u00fcr Fremdprodukte an.[\/vc_column_text][\/vc_column][vc_column width=&#8221;1\/2&#8243;][vc_single_image image=&#8221;4379&#8243; img_size=&#8221;full&#8221;][\/vc_column][\/vc_row][vc_row][vc_column][vc_separator][\/vc_column][\/vc_row][vc_row][vc_column]<style scoped='scoped'>.mgt-promo-block-79292048663.mgt-promo-block.darken .mgt-promo-block-content {background-color: rgba(0,0,0,0.12)!important;}.mgt-promo-block-79292048663.mgt-promo-block.animated:hover .mgt-promo-block-content {background-color: rgba(0,0,0,0.5)!important;}<\/style><div class=\"mgt-promo-block animated white-text cover-image text-size-normal darken mgt-promo-block-79292048663 wpb_content_element wpb_animate_when_almost_visible wpb_left-to-right\" data-style=\"width: 100%; height: 200px;\"><div class=\"mgt-promo-block-content\"><div class=\"mgt-promo-block-content-inside vc_custom_1628164553597\">\n<h2>Do you have questions to our Services?<\/h2>\n<div class=\"mgt-button-wrapper mgt-button-wrapper-align-left mgt-button-wrapper-display-newline mgt-button-top-margin-enable\"><a class=\"btn hvr-icon-wobble-horizontal mgt-button mgt-style-solid-invert mgt-size-normal mgt-align-left mgt-display-newline mgt-text-size-small mgt-button-icon-position-right mgt-text-transform-uppercase \" href=\"\/kontakt\">Contact  FMB<i class=\"fa fa-arrow-right\"><\/i><\/a><\/div><\/div><\/div><\/div>[\/vc_column][\/vc_row]<\/p>\n<\/section>","protected":false},"excerpt":{"rendered":"<p>[vc_row][vc_column][\/vc_column][\/vc_row][vc_row][vc_column width=&#8221;1\/2&#8243;][vc_column_text css_animation=&#8221;bottom-to-top&#8221;]Zur termingerechten Realisierung eines Auftrages geh\u00f6rt eine detaillierte Fertigungsplanung. Ob eine Flie\u00df- oder Standfertigung die g\u00fcnstigste L\u00f6sung ist, h\u00e4ngt zum einen von der Anzahl der zu produzierenden Fahrzeuge,&#8230;<\/p>\n","protected":false},"author":2,"featured_media":0,"parent":4462,"menu_order":0,"comment_status":"closed","ping_status":"closed","template":"","meta":[],"_links":{"self":[{"href":"https:\/\/fmbrail.de\/en\/wp-json\/wp\/v2\/pages\/4552"}],"collection":[{"href":"https:\/\/fmbrail.de\/en\/wp-json\/wp\/v2\/pages"}],"about":[{"href":"https:\/\/fmbrail.de\/en\/wp-json\/wp\/v2\/types\/page"}],"author":[{"embeddable":true,"href":"https:\/\/fmbrail.de\/en\/wp-json\/wp\/v2\/users\/2"}],"replies":[{"embeddable":true,"href":"https:\/\/fmbrail.de\/en\/wp-json\/wp\/v2\/comments?post=4552"}],"version-history":[{"count":5,"href":"https:\/\/fmbrail.de\/en\/wp-json\/wp\/v2\/pages\/4552\/revisions"}],"predecessor-version":[{"id":4704,"href":"https:\/\/fmbrail.de\/en\/wp-json\/wp\/v2\/pages\/4552\/revisions\/4704"}],"up":[{"embeddable":true,"href":"https:\/\/fmbrail.de\/en\/wp-json\/wp\/v2\/pages\/4462"}],"wp:attachment":[{"href":"https:\/\/fmbrail.de\/en\/wp-json\/wp\/v2\/media?parent=4552"}],"curies":[{"name":"wp","href":"https:\/\/api.w.org\/{rel}","templated":true}]}}