{"id":4535,"date":"2021-08-05T14:23:20","date_gmt":"2021-08-05T12:23:20","guid":{"rendered":"https:\/\/fmbrail.de\/service\/calculation-and-simulation\/"},"modified":"2021-10-13T16:08:48","modified_gmt":"2021-10-13T14:08:48","slug":"calculation-and-simulation","status":"publish","type":"page","link":"https:\/\/fmbrail.de\/en\/service\/calculation-and-simulation\/","title":{"rendered":"Calculation and simulation"},"content":{"rendered":"<section class=\"wpb-content-wrapper\"><p>[vc_row][vc_column]<div class=\"mgt-header-block clearfix text-left text-black wpb_animate_when_almost_visible wpb_top-to-bottom wpb_content_element  mgt-header-block-style-2 mgt-header-texttransform-none  vc_custom_1628166199536\"><h3 class=\"mgt-header-block-title\">Berechnung und Simulation<\/h3><div class=\"mgt-header-line\"><\/div><\/div>[\/vc_column][\/vc_row][vc_row][vc_column width=&#8221;1\/2&#8243;][vc_column_text css_animation=&#8221;bottom-to-top&#8221;]Unsere Produktionstechnik auf einem komplett CNC-gesteuerten Maschinenpark erlaubt uns ein Arbeiten mit h\u00f6chster Produktivit\u00e4t und neuesten Sicherheitsstandards. Konstruktion und Produktion arbeiten bei uns Hand in Hand: Die technischen CA-Zeichnungen werden direkt an die Maschinen \u00fcbermittelt, so stellen wir sicher, dass die Bauteile passgenau auf Ihrer Baustelle ankommen und erm\u00f6glichen einen reibungslosen, termingerechten Montageablauf.[\/vc_column_text][\/vc_column][vc_column width=&#8221;1\/2&#8243;][vc_single_image img_size=&#8221;full&#8221;][\/vc_column][\/vc_row][vc_row][vc_column]<div class=\"mgt-header-block clearfix text-left text-black wpb_animate_when_almost_visible wpb_bottom-to-top wpb_content_element  mgt-header-block-style-2 mgt-header-texttransform-none  vc_custom_1628161977797\"><h3 class=\"mgt-header-block-title\">Wir verarbeiten folgende Rohstoffe<\/h3><div class=\"mgt-header-line\"><\/div><\/div>[\/vc_column][\/vc_row][vc_row][vc_column width=&#8221;1\/3&#8243;]<div class=\"mgt-icon-box wpb_content_element wpb_animate_when_almost_visible wpb_appear mgt-icon-box-right mgt-icon-fa mgt-icon-background mgt-icon-background-invert text-black \"><div class=\"mgt-icon-box-icon hvr-icon-push\"><div class=\"mgt-font-icon\"><i class=\"fa fa-arrow-circle-o-right\"><\/i><\/div><\/div><div class=\"mgt-icon-box-content\"><h6>Verf\u00fcgbare Blechdicken: 0,5 bis 25 mm<\/h6><h5>STAHL<\/h5><\/div><div class=\"clearfix\"><\/div><\/div>[\/vc_column][vc_column width=&#8221;1\/3&#8243;]<div class=\"mgt-icon-box wpb_content_element wpb_animate_when_almost_visible wpb_appear mgt-icon-box-right mgt-icon-fa mgt-icon-background mgt-icon-background-invert text-black \"><div class=\"mgt-icon-box-icon hvr-icon-push\"><div class=\"mgt-font-icon\"><i class=\"fa fa-arrow-circle-o-right\"><\/i><\/div><\/div><div class=\"mgt-icon-box-content\"><h6>Maximale Gr\u00f6\u00dfe: 5980 x 1980 mm<\/h6><h5>EDELSTAHL<\/h5><\/div><div class=\"clearfix\"><\/div><\/div>[\/vc_column][vc_column width=&#8221;1\/3&#8243;]<div class=\"mgt-icon-box wpb_content_element wpb_animate_when_almost_visible wpb_appear mgt-icon-box-right mgt-icon-fa mgt-icon-background mgt-icon-background-invert text-black \"><div class=\"mgt-icon-box-icon hvr-icon-push\"><div class=\"mgt-font-icon\"><i class=\"fa fa-arrow-circle-o-right\"><\/i><\/div><\/div><div class=\"mgt-icon-box-content\"><h6>MaximaleGr\u00f6\u00dfe: 5980 x 1980 mm<\/h6><h5>ALUMINIUM<\/h5><\/div><div class=\"clearfix\"><\/div><\/div>[\/vc_column][\/vc_row][vc_row][vc_column][vc_separator][\/vc_column][\/vc_row][vc_row][vc_column]<div class=\"mgt-header-block clearfix text-left text-black wpb_content_element  mgt-header-block-style-2 mgt-header-texttransform-none  vc_custom_1461316765487\"><h3 class=\"mgt-header-block-title\">Strategic and Tactical<\/h3><div class=\"mgt-header-line\"><\/div><\/div>[vc_column_text]Construction as an industry comprises six to nine percent of the gross domestic product of developed countries. Construction starts with planning, design, and financing and continues until the project is built and ready for use.[\/vc_column_text][vc_tta_accordion color=&#8221;black&#8221; c_position=&#8221;right&#8221; active_section=&#8221;1&#8243;][vc_tta_section title=&#8221;LASERSCHNEIDEN&#8221; tab_id=&#8221;1460465137169-8fa3dffe-29f8&#8243;][vc_column_text]Laserschneiden ist einfach ein modernes Bearbeitungsverfahren. Das Verfahren bringt schnell, pr\u00e4zise und vor allem extrem wirtschaftlich Konturen in nahezu alle Werkstoffe ein. Die Ergebnisse sind hochpr\u00e4zise und sauber. In weiten Teilen der Industrie hat es sich daher als Standard etabliert, Blech lasern zu lassen.<\/p>\n<p>F\u00fcr Ihre Teile greifen Sie \u00fcber BSG auf die volle Bandbreite der M\u00f6glichkeiten des Laserzuschnitts zu. Als ihr einziger Vertragspartner garantiert Ihnen BSG eine treffsichere Auftragszuweisung, z\u00fcgige Auftragsabwicklung und eine verl\u00e4ssliche Lieferung. So verwirklichen Sie sowohl Einzelst\u00fccke als auch gro\u00dfe Serien mit uns. Bei BSG bestellen Sie Laserzuschnitte bis zu sechs Metern aus einer gro\u00dfen Bandbreite von Materialien.[\/vc_column_text][\/vc_tta_section][vc_tta_section title=&#8221;ABKANTEN&#8221; tab_id=&#8221;1460465137231-ccbe90e5-99f5&#8243;][vc_column_text]Abkanten geh\u00f6rt der Gruppe der Umformverfahren an und wird nach DIN 8580 auch als Biegeumformen bezeichnet. Gerade auf dem Gebiet der Blechbearbeitung ist das Abkanten von Blechen eine unverzichtbare Basistechnologie und geh\u00f6rt neben dem Laserschneiden zu den wichtigsten Verfahren. Dabei werden die unterschiedlichsten Blechwerkstoffe unter Ber\u00fccksichtigung der gew\u00fcnschten Biegewinkel und Radien nachhaltig umgeformt. Durch diesen kalten Verformungsprozess wird eine thermische Beeinflussung des Bleches vermieden, weshalb die Festigkeit der Blechteile erh\u00f6ht wird. Typische Fertigungsbeispiele sind Blechgeh\u00e4use, Halterungen, Winkel oder Abdeckungen.[\/vc_column_text][\/vc_tta_section][vc_tta_section title=&#8221;GESENKBIEGEN&#8221; tab_id=&#8221;1460465338888-dfc970d8-6647&#8243;][vc_column_text]Beim Gesenkbiegen wird das zu bearbeitende Werkst\u00fcck zwischen den Biegestempel und das Biegegesenk (auch Matritze genannt) gelegt und dann wird es gebogen bis es die gew\u00fcnschte Form angenommen hat.<\/p>\n<p>Das geschieht \u00fcblicherweise in zwei Schritten. Erst wird der Stempel auf das Werkst\u00fcck gesetzt und so lange heruntergedr\u00fcckt bis die Schenkel des Werkst\u00fccks die W\u00e4nde des Gesenks ber\u00fchren bzw. der innere Biegeradius des Werkteils kleiner ist als der Winkel des Stempels. Danach erfolgt das Nachdr\u00fccken, um das Werkst\u00fcck an die Form des Werkzeugs anzupassen.<\/p>\n<p>In der Praxis kommt am h\u00e4ufigsten das Biegen in einem V-f\u00f6rmigen Gesenks zur Anwendung. Ein weiteres, h\u00e4ufig anzutreffendes Gesenkbiegeverfahren ist das Biegen in einem U-f\u00f6rmigen Gesenk.[\/vc_column_text][\/vc_tta_section][vc_tta_section title=&#8221;BLECHRICHTWALZEN&#8221; tab_id=&#8221;1628165337460-7d506446-798e&#8221;][vc_column_text]Das Richten mit Walzenrichtmaschinen ist ein Biegeprozess. Das Richtgut wird dabei immer kleiner werdenden Wechselbiegungen ausgesetzt. Es durchl\u00e4uft mehrere Wechselbiegungen, die durch versetzt angeordnete Richtwalzen entstehen. Am Maschineneinlauf muss eine Kr\u00fcmmung vorherrschen, welche gr\u00f6\u00dfer ist als die gr\u00f6\u00dfte Kr\u00fcmmung im unplanen Blech. Kr\u00fcmmungen und Durchbiegungen m\u00fcssen sich in Richtung Auslauf so stark verringern, dass das Richtgut am Auslauf der Maschine in den planen Zustand zur\u00fcckfedert. Abschnitte, welche im Blechteil unter Spannung stehen, werden \u00fcber die Streckgrenze hinaus gedehnt, damit eine einheitliche Faserl\u00e4nge entsteht. Am Einlauf bzw. bei den ersten Richtwalzen herrschen starke Wechselbiegungen. Diese werden in Richtung Auslauf immer schw\u00e4cher. Den Verlauf der Biegungen kann man sich bildlich wie eine abklingende Sinuskurve vorstellen. Das Richtgut ist am Ende plan und nahezu spannungsfrei bedingt durch die Wechselbiegungen und die stetige Verringerung der Umformung. Da es sich beim Walzenrichten um einen kontinuierlichen Prozess im Durchlaufprozess handelt, ist dieser sehr schnell und auch f\u00fcr Endlosb\u00e4nder (Coils) geeignet.[\/vc_column_text][\/vc_tta_section][\/vc_tta_accordion][\/vc_column][\/vc_row][vc_row][vc_column][vc_separator][\/vc_column][\/vc_row][vc_row][vc_column]<style scoped='scoped'>.mgt-promo-block-79292048663.mgt-promo-block.darken .mgt-promo-block-content {background-color: rgba(0,0,0,0.12)!important;}.mgt-promo-block-79292048663.mgt-promo-block.animated:hover .mgt-promo-block-content {background-color: rgba(0,0,0,0.5)!important;}<\/style><div class=\"mgt-promo-block animated white-text cover-image text-size-normal darken mgt-promo-block-79292048663 wpb_content_element wpb_animate_when_almost_visible wpb_left-to-right\" data-style=\"width: 100%; height: 200px;\"><div class=\"mgt-promo-block-content\"><div class=\"mgt-promo-block-content-inside vc_custom_1628164553597\">\n<h2>Do you have questions to our Services?<\/h2>\n<div class=\"mgt-button-wrapper mgt-button-wrapper-align-left mgt-button-wrapper-display-newline mgt-button-top-margin-enable\"><a class=\"btn hvr-icon-wobble-horizontal mgt-button mgt-style-solid-invert mgt-size-normal mgt-align-left mgt-display-newline mgt-text-size-small mgt-button-icon-position-right mgt-text-transform-uppercase \" href=\"\/kontakt\">Contact  FMB<i class=\"fa fa-arrow-right\"><\/i><\/a><\/div><\/div><\/div><\/div>[\/vc_column][\/vc_row]<\/p>\n<\/section>","protected":false},"excerpt":{"rendered":"<p>[vc_row][vc_column][\/vc_column][\/vc_row][vc_row][vc_column width=&#8221;1\/2&#8243;][vc_column_text css_animation=&#8221;bottom-to-top&#8221;]Unsere Produktionstechnik auf einem komplett CNC-gesteuerten Maschinenpark erlaubt uns ein Arbeiten mit h\u00f6chster Produktivit\u00e4t und neuesten Sicherheitsstandards. Konstruktion und Produktion arbeiten bei uns Hand in Hand: Die technischen&#8230;<\/p>\n","protected":false},"author":2,"featured_media":0,"parent":4462,"menu_order":0,"comment_status":"closed","ping_status":"closed","template":"","meta":[],"_links":{"self":[{"href":"https:\/\/fmbrail.de\/en\/wp-json\/wp\/v2\/pages\/4535"}],"collection":[{"href":"https:\/\/fmbrail.de\/en\/wp-json\/wp\/v2\/pages"}],"about":[{"href":"https:\/\/fmbrail.de\/en\/wp-json\/wp\/v2\/types\/page"}],"author":[{"embeddable":true,"href":"https:\/\/fmbrail.de\/en\/wp-json\/wp\/v2\/users\/2"}],"replies":[{"embeddable":true,"href":"https:\/\/fmbrail.de\/en\/wp-json\/wp\/v2\/comments?post=4535"}],"version-history":[{"count":3,"href":"https:\/\/fmbrail.de\/en\/wp-json\/wp\/v2\/pages\/4535\/revisions"}],"predecessor-version":[{"id":4720,"href":"https:\/\/fmbrail.de\/en\/wp-json\/wp\/v2\/pages\/4535\/revisions\/4720"}],"up":[{"embeddable":true,"href":"https:\/\/fmbrail.de\/en\/wp-json\/wp\/v2\/pages\/4462"}],"wp:attachment":[{"href":"https:\/\/fmbrail.de\/en\/wp-json\/wp\/v2\/media?parent=4535"}],"curies":[{"name":"wp","href":"https:\/\/api.w.org\/{rel}","templated":true}]}}