{"id":4489,"date":"2016-05-17T16:01:22","date_gmt":"2016-05-17T14:01:22","guid":{"rendered":"https:\/\/fmbrail.de\/corporate-philosophy\/"},"modified":"2021-10-08T18:50:19","modified_gmt":"2021-10-08T16:50:19","slug":"corporate-philosophy","status":"publish","type":"page","link":"https:\/\/fmbrail.de\/en\/corporate-philosophy\/","title":{"rendered":"Corporate philosophy"},"content":{"rendered":"<section class=\"wpb-content-wrapper\"><p>[vc_row css=&#8221;.vc_custom_1463499713574{margin-bottom: 10px !important;}&#8221;][vc_column width=&#8221;1\/2&#8243; css=&#8221;.vc_custom_1463499493091{margin-right: 0px !important;padding-right: 0px !important;}&#8221;]<div class=\"mgt-promo-block black-text text-size-normal no-darken mgt-promo-block-74687184617 wpb_content_element\" data-style=\"background-color: #f5f5f5;width: 100%; height: 400px;\"><div class=\"mgt-promo-block-content\"><div class=\"mgt-promo-block-content-inside vc_custom_1628336210904\">\n<h4>agil, kompetent, zuverl\u00e4ssig<\/h4>\n<h2>Unternehmensphilosophie<\/h2>\n<div class=\"mgt-button-wrapper mgt-button-wrapper-align-left mgt-button-wrapper-display-newline mgt-button-top-margin-enable\"><a class=\"btn hvr-bounce-to-right mgt-button mgt-style-solid mgt-size-normal mgt-align-left mgt-display-newline mgt-text-size-normal mgt-button-icon-position-left mgt-text-transform-uppercase \" href=\"http:\/\/wp.magnium-themes.com\/thebuilt\/thebuilt-1\/our-services\/\">Our services<\/a><\/div><\/div><\/div><\/div>[\/vc_column][vc_column width=&#8221;1\/2&#8243; css=&#8221;.vc_custom_1463499505870{margin-left: 0px !important;padding-left: 0px !important;}&#8221;]<div class=\"mgt-promo-block white-text cover-image text-size-normal no-darken mgt-promo-block-24893773906 wpb_content_element\" data-style=\"background-image: url(https:\/\/fmbrail.de\/wp-content\/uploads\/2021\/03\/photodune-5445304-group-of-construction-workers-m.jpg);background-repeat: no-repeat;width: 100%; height: 400px;\"><div class=\"mgt-promo-block-content\"><div class=\"mgt-promo-block-content-inside\"><\/div><\/div><\/div>[\/vc_column][\/vc_row][vc_row][vc_column]<div class=\"mgt-header-block clearfix text-left text-black wpb_content_element  mgt-header-block-style-1 mgt-header-texttransform-none \"><h2 class=\"mgt-header-block-title\">UNSERE UNTERNEHMENSWERTE<\/h2><div class=\"mgt-header-line\"><\/div><\/div>[\/vc_column][\/vc_row][vc_row css=&#8221;.vc_custom_1463499713574{margin-bottom: 10px !important;}&#8221;][vc_column width=&#8221;1\/2&#8243;]<div class=\"mgt-promo-block black-text text-size-normal no-darken mgt-promo-block-74687184617 wpb_content_element\" data-style=\"background-color: #f5f5f5;width: 100%; height: 250px;\"><div class=\"mgt-promo-block-content\"><div class=\"mgt-promo-block-content-inside vc_custom_1628336723888\">\n<h2>Nachhaltigkeit und Umweltvertr\u00e4glichkeit als Herausforderung<\/h2>\n<h4 style=\"text-align: left\">Wir m\u00f6chten existierende Schienenfahrzeuge fit f\u00fcr die Zukunft machen.<\/h4>\n<h4 style=\"text-align: left\">Resourcen sparend und effizient<\/h4>\n<\/div><\/div><\/div>[\/vc_column][vc_column width=&#8221;1\/2&#8243;][vc_column_text]<strong>Neue Schienenfahrzeuge ?<\/strong><\/p>\n<p>Gerne, hier sind wir der Partner f\u00fcr neue Ideen, Design, Zulassung und Produktion<\/p>\n<p>L<strong>ebensverl\u00e4ngerung von existierenden Schienenfahrzeugen und Einhaltung der strenger Umweltanforderungen ?<\/strong><\/p>\n<p>Ein besonderes Anliegen unserer Gruppierung[\/vc_column_text][\/vc_column][\/vc_row][vc_row][vc_column]<div class=\"mgt-header-block clearfix text-left text-black wpb_content_element  mgt-header-block-style-1 mgt-header-texttransform-none \"><h2 class=\"mgt-header-block-title\">Unser Anspruch an uns<\/h2><div class=\"mgt-header-line\"><\/div><\/div>[\/vc_column][\/vc_row][vc_row][vc_column][vc_separator][\/vc_column][\/vc_row][vc_row][vc_column width=&#8221;1\/2&#8243;]<div class=\"mgt-icon-box wpb_content_element wpb_animate_when_almost_visible wpb_appear mgt-icon-box-right mgt-icon-fa mgt-icon-background mgt-icon-background-invert text-black \"><div class=\"mgt-icon-box-icon hvr-icon-push\"><div class=\"mgt-font-icon\"><i class=\"fa fa-institution\"><\/i><\/div><\/div><div class=\"mgt-icon-box-content\"><h6>PROVIDE<\/h6><h5>QUALIT\u00c4T<\/h5>Unsere Gruppierung besitzt alle g\u00e4ngigen Qualit\u00e4tszertifikate. Qualit\u00e4t ist oberstes Gebot. Wir achten darauf, dass Qualit\u00e4t in der Organisation stets einen direkten Zugang zur Gesch\u00e4ftsf\u00fchrung hat und unabh\u00e4ngig in allen Belangen der Qualit\u00e4t agieren kann<\/div><div class=\"clearfix\"><\/div><\/div><div class=\"mgt-icon-box wpb_content_element wpb_animate_when_almost_visible wpb_appear mgt-icon-box-right mgt-icon-fa mgt-icon-background mgt-icon-background-invert text-black \"><div class=\"mgt-icon-box-icon hvr-icon-push\"><div class=\"mgt-font-icon\"><i class=\"fa fa-industry\"><\/i><\/div><\/div><div class=\"mgt-icon-box-content\"><h6>PROVIDE<\/h6><h5>INNOVATION<\/h5>Schienenfahrzeugbau ist innovativ und umweltschonend. Zuk\u00fcnftigen Herausforderungen an die Klimaneutralit\u00e4t begegnen wir mit neuen Antriebsl\u00f6sungen, Leichtbau, Nachhaltigkeit durch die l\u00e4ngere Nutzungsm\u00f6glichkeit von vorhandenen Schienenfahrzeugen und der Nutzung von nachwachsenden Rohstoffen.<\/div><div class=\"clearfix\"><\/div><\/div><div class=\"mgt-icon-box wpb_content_element wpb_animate_when_almost_visible wpb_appear mgt-icon-box-right mgt-icon-fa mgt-icon-background mgt-icon-background-invert text-black \"><div class=\"mgt-icon-box-icon hvr-icon-push\"><div class=\"mgt-font-icon\"><i class=\"fa fa-gavel\"><\/i><\/div><\/div><div class=\"mgt-icon-box-content\"><h6>PROVIDE<\/h6><h5>KREATIVIT\u00c4T<\/h5>Neue Herausforderungen an das Schienenfahrzeug der Zukunft erfordern kreative L\u00f6sungen in allen Bereichen. Wir haben die Antworten:<\/p>\n<p>Antriebskonzepte<\/p>\n<p>Fahrgastinformationssysteme<\/p>\n<p>Werkstoffeinsatz<\/p>\n<p>Wartungskonzepte<\/div><div class=\"clearfix\"><\/div><\/div>[\/vc_column][vc_column width=&#8221;1\/2&#8243;]<div class=\"mgt-icon-box wpb_content_element wpb_animate_when_almost_visible wpb_appear mgt-icon-box-right mgt-icon-fa mgt-icon-background mgt-icon-background-invert text-black \"><div class=\"mgt-icon-box-icon hvr-icon-push\"><div class=\"mgt-font-icon\"><i class=\"fa fa-hospital-o\"><\/i><\/div><\/div><div class=\"mgt-icon-box-content\"><h6>PROVIDE<\/h6><h5>SAFETY (SICHERHEIT)<\/h5>Produktsicherheit und damit der Schutz von Leib und Leben ist das wichtigste Gut und liegt allen unseren Design und Engineering-L\u00f6sungen zugrunde.<\/p>\n<p>Neue Produkte und Innovationen werden auf die Sicherheit im Betrieb gepr\u00fcft, von unabh\u00e4ngigen Gutachtern bewertet und von Zulassungsbeh\u00f6rden frei gegeben.<\/p>\n<p>Wir managen den Gesamtprozess<\/div><div class=\"clearfix\"><\/div><\/div><div class=\"mgt-icon-box wpb_content_element wpb_animate_when_almost_visible wpb_appear mgt-icon-box-right mgt-icon-fa mgt-icon-background mgt-icon-background-invert text-black \"><div class=\"mgt-icon-box-icon hvr-icon-push\"><div class=\"mgt-font-icon\"><i class=\"fa fa-briefcase\"><\/i><\/div><\/div><div class=\"mgt-icon-box-content\"><h6>PROVIDE<\/h6><h5>PROJEKTMANAGEMENT<\/h5>Langj\u00e4hrige Erfahrung im Projektmanagement sind die Basis f\u00fcr eine termingerechte und professionelle Projektabwicklung.<\/p>\n<p>Wir arbeiten vertrauensvoll mit unseren Kunden zusammen und halten Sie stets \u00fcber den Projektstand und wichtige Themen informiert.<\/p>\n<p><\/div><div class=\"clearfix\"><\/div><\/div><div class=\"mgt-icon-box wpb_content_element wpb_animate_when_almost_visible wpb_appear mgt-icon-box-right mgt-icon-fa mgt-icon-background mgt-icon-background-invert text-black \"><div class=\"mgt-icon-box-icon hvr-icon-push\"><div class=\"mgt-font-icon\"><i class=\"fa fa-balance-scale\"><\/i><\/div><\/div><div class=\"mgt-icon-box-content\"><h6>PROVIDE<\/h6><h5>TECHNOLOGIE<\/h5>Wir nutzen modernste am Markt befindliche Industrietechnologien und setzen L\u00f6sungen in Schienenfahrzeugen ein. Hierbei achten wir auf die Bahntauglichkeit in Betrieb und Wartung und adaptieren L\u00f6sungen, wo erforderlich.<\/div><div class=\"clearfix\"><\/div><\/div>[\/vc_column][\/vc_row]<\/p>\n<\/section>","protected":false},"excerpt":{"rendered":"<p>[vc_row css=&#8221;.vc_custom_1463499713574{margin-bottom: 10px !important;}&#8221;][vc_column width=&#8221;1\/2&#8243; css=&#8221;.vc_custom_1463499493091{margin-right: 0px !important;padding-right: 0px !important;}&#8221;][\/vc_column][vc_column width=&#8221;1\/2&#8243; css=&#8221;.vc_custom_1463499505870{margin-left: 0px !important;padding-left: 0px !important;}&#8221;][\/vc_column][\/vc_row][vc_row][vc_column][\/vc_column][\/vc_row][vc_row css=&#8221;.vc_custom_1463499713574{margin-bottom: 10px !important;}&#8221;][vc_column width=&#8221;1\/2&#8243;][\/vc_column][vc_column width=&#8221;1\/2&#8243;][vc_column_text]Neue Schienenfahrzeuge ? Gerne, hier sind wir der Partner f\u00fcr&#8230;<\/p>\n","protected":false},"author":1,"featured_media":0,"parent":0,"menu_order":0,"comment_status":"closed","ping_status":"closed","template":"","meta":[],"_links":{"self":[{"href":"https:\/\/fmbrail.de\/en\/wp-json\/wp\/v2\/pages\/4489"}],"collection":[{"href":"https:\/\/fmbrail.de\/en\/wp-json\/wp\/v2\/pages"}],"about":[{"href":"https:\/\/fmbrail.de\/en\/wp-json\/wp\/v2\/types\/page"}],"author":[{"embeddable":true,"href":"https:\/\/fmbrail.de\/en\/wp-json\/wp\/v2\/users\/1"}],"replies":[{"embeddable":true,"href":"https:\/\/fmbrail.de\/en\/wp-json\/wp\/v2\/comments?post=4489"}],"version-history":[{"count":1,"href":"https:\/\/fmbrail.de\/en\/wp-json\/wp\/v2\/pages\/4489\/revisions"}],"predecessor-version":[{"id":4490,"href":"https:\/\/fmbrail.de\/en\/wp-json\/wp\/v2\/pages\/4489\/revisions\/4490"}],"wp:attachment":[{"href":"https:\/\/fmbrail.de\/en\/wp-json\/wp\/v2\/media?parent=4489"}],"curies":[{"name":"wp","href":"https:\/\/api.w.org\/{rel}","templated":true}]}}