{"id":4477,"date":"2016-05-18T15:53:10","date_gmt":"2016-05-18T13:53:10","guid":{"rendered":"https:\/\/fmbrail.de\/our-team\/"},"modified":"2021-10-08T18:44:54","modified_gmt":"2021-10-08T16:44:54","slug":"our-team","status":"publish","type":"page","link":"https:\/\/fmbrail.de\/en\/our-team\/","title":{"rendered":"Our Team"},"content":{"rendered":"<section class=\"wpb-content-wrapper\"><p>[vc_row][vc_column width=&#8221;1\/4&#8243;][vc_single_image image=&#8221;4329&#8243; img_size=&#8221;medium&#8221; alignment=&#8221;center&#8221; css_animation=&#8221;left-to-right&#8221;][\/vc_column][vc_column width=&#8221;3\/4&#8243;][vc_column_text css_animation=&#8221;left-to-right&#8221;]<\/p>\n<h3 class=\"no_stripe\"><strong>Dirk-M\u00fcller-Atzerodt<\/strong><\/h3>\n<h5 class=\"staff_department\">Gesch\u00e4ftsf\u00fchrender Gesellschafter<\/h5>\n<p>Unternehmensf\u00fchrung,\u00a0Marketing,\u00a0Strategie<\/p>\n<h3><\/h3>\n<h6><\/h6>\n<p>[\/vc_column_text][\/vc_column][\/vc_row][vc_row][vc_column][vc_separator][\/vc_column][\/vc_row][vc_row][vc_column width=&#8221;1\/4&#8243;][vc_single_image image=&#8221;4328&#8243; img_size=&#8221;full&#8221; alignment=&#8221;center&#8221; css_animation=&#8221;left-to-right&#8221;][\/vc_column][vc_column width=&#8221;3\/4&#8243;][vc_column_text css_animation=&#8221;left-to-right&#8221;]<\/p>\n<h3 class=\"no_stripe\"><strong>Hans-Christian Zink<\/strong><\/h3>\n<h5 class=\"staff_department\">Gesch\u00e4ftsf\u00fchrender Gesellschafter<\/h5>\n<p>Unternehmensf\u00fchrung,\u00a0Finanzen &amp; Controlling,[\/vc_column_text][\/vc_column][\/vc_row][vc_row][vc_column][vc_separator][\/vc_column][\/vc_row][vc_row][vc_column width=&#8221;1\/4&#8243;][vc_single_image img_size=&#8221;full&#8221; alignment=&#8221;center&#8221; css_animation=&#8221;left-to-right&#8221;][\/vc_column][vc_column width=&#8221;3\/4&#8243;][vc_column_text css_animation=&#8221;left-to-right&#8221;]<\/p>\n<h3 class=\"no_stripe\"><a href=\"http:\/\/wp.magnium-themes.com\/thebuilt\/thebuilt-1\/team-member\/\">SIMONA BLACK<\/a><\/h3>\n<h5 class=\"staff_department\"><span style=\"color: #999999;\">Administrator<\/span><\/h5>\n<p>Construction as an industry comprises six to nine percent of the gross domestic product of developed countries. In general, there are three sectors of construction.[\/vc_column_text][\/vc_column][\/vc_row][vc_row css=&#8221;.vc_custom_1463584639327{padding-bottom: 50px !important;}&#8221;][vc_column width=&#8221;1\/4&#8243;][vc_single_image image=&#8221;4295&#8243; img_size=&#8221;full&#8221; css_animation=&#8221;left-to-right&#8221;][\/vc_column][vc_column width=&#8221;3\/4&#8243;][vc_column_text css_animation=&#8221;left-to-right&#8221;]<\/p>\n<h3 class=\"no_stripe\">Arbeiten bei FMB?<\/h3>\n<h5 class=\"staff_department\"><span style=\"color: #999999;\">Stellenangebote<\/span><\/h5>\n<p>[\/vc_column_text]<div class=\"mgt-button-wrapper mgt-button-wrapper-align-left mgt-button-wrapper-display-newline mgt-button-top-margin-disable\"><a class=\"btn hvr-bounce-to-right mgt-button mgt-style-solid mgt-size-normal mgt-align-left mgt-display-newline mgt-text-size-small mgt-button-icon-position-left mgt-text-transform-uppercase  wpb_animate_when_almost_visible wpb_left-to-right\" href=\"https:\/\/fmbrail.de\/stellenbeschreibungen\/\" target=\"_blank\">Karriere<\/a><\/div>[\/vc_column][\/vc_row][vc_row][vc_column][vc_separator][\/vc_column][\/vc_row]<\/p>\n<\/section>","protected":false},"excerpt":{"rendered":"<p>[vc_row][vc_column width=&#8221;1\/4&#8243;][vc_single_image image=&#8221;4329&#8243; img_size=&#8221;medium&#8221; alignment=&#8221;center&#8221; css_animation=&#8221;left-to-right&#8221;][\/vc_column][vc_column width=&#8221;3\/4&#8243;][vc_column_text css_animation=&#8221;left-to-right&#8221;] Dirk-M\u00fcller-Atzerodt Gesch\u00e4ftsf\u00fchrender Gesellschafter Unternehmensf\u00fchrung,\u00a0Marketing,\u00a0Strategie [\/vc_column_text][\/vc_column][\/vc_row][vc_row][vc_column][vc_separator][\/vc_column][\/vc_row][vc_row][vc_column width=&#8221;1\/4&#8243;][vc_single_image image=&#8221;4328&#8243; img_size=&#8221;full&#8221; alignment=&#8221;center&#8221; css_animation=&#8221;left-to-right&#8221;][\/vc_column][vc_column width=&#8221;3\/4&#8243;][vc_column_text css_animation=&#8221;left-to-right&#8221;] Hans-Christian Zink Gesch\u00e4ftsf\u00fchrender Gesellschafter Unternehmensf\u00fchrung,\u00a0Finanzen &amp; Controlling,[\/vc_column_text][\/vc_column][\/vc_row][vc_row][vc_column][vc_separator][\/vc_column][\/vc_row][vc_row][vc_column width=&#8221;1\/4&#8243;][vc_single_image img_size=&#8221;full&#8221; alignment=&#8221;center&#8221;&#8230;<\/p>\n","protected":false},"author":1,"featured_media":0,"parent":0,"menu_order":0,"comment_status":"closed","ping_status":"closed","template":"","meta":[],"_links":{"self":[{"href":"https:\/\/fmbrail.de\/en\/wp-json\/wp\/v2\/pages\/4477"}],"collection":[{"href":"https:\/\/fmbrail.de\/en\/wp-json\/wp\/v2\/pages"}],"about":[{"href":"https:\/\/fmbrail.de\/en\/wp-json\/wp\/v2\/types\/page"}],"author":[{"embeddable":true,"href":"https:\/\/fmbrail.de\/en\/wp-json\/wp\/v2\/users\/1"}],"replies":[{"embeddable":true,"href":"https:\/\/fmbrail.de\/en\/wp-json\/wp\/v2\/comments?post=4477"}],"version-history":[{"count":2,"href":"https:\/\/fmbrail.de\/en\/wp-json\/wp\/v2\/pages\/4477\/revisions"}],"predecessor-version":[{"id":4479,"href":"https:\/\/fmbrail.de\/en\/wp-json\/wp\/v2\/pages\/4477\/revisions\/4479"}],"wp:attachment":[{"href":"https:\/\/fmbrail.de\/en\/wp-json\/wp\/v2\/media?parent=4477"}],"curies":[{"name":"wp","href":"https:\/\/api.w.org\/{rel}","templated":true}]}}